{"id":19,"date":"2025-08-06T11:27:25","date_gmt":"2025-08-06T09:27:25","guid":{"rendered":"http:\/\/localhost:8888\/a58neu\/?page_id=19"},"modified":"2026-02-07T13:43:40","modified_gmt":"2026-02-07T12:43:40","slug":"produzenten-techniker","status":"publish","type":"page","link":"https:\/\/www.area58studios.com\/index.php\/produzenten-techniker\/","title":{"rendered":"GESCHICHTE"},"content":{"rendered":"<h2>Die Geschichte des Studios<br \/>\n<\/h2>\n<p style=\"text-align: justify;\">Mitte der 1980er-Jahre entstand hier in M\u00f6rfelden-Walldorf ein professionelles Tonstudio, das schnell zu einem Hotspot der deutschen Musikszene werden sollte. Die beiden Produzenten Gunther Mende und Candy de Rouge arbeiteten hier mit internationalen Top-Acts \u2013 allen voran Jennifer Rush, deren Titel \u201eThe Power of Love\u201c von diesem Ort aus die Welt eroberte.<\/p>\n<p style=\"text-align: justify;\">Der Song wurde ein internationaler Hit: In mindestens 16 L\u00e4ndern schaffte es The Power of Love in die Top Ten \u2013 in sieben davon auf Platz 1, darunter Deutschland und Gro\u00dfbritannien. Dort hielt sich der Titel \u00fcber acht Monate in den Charts und belegte f\u00fcnf Wochen lang die Spitzenposition.<\/p>\n<p style=\"text-align: justify;\">In den Folgejahren arbeitete das Produzentenduo mit vielen weiteren bekannten K\u00fcnstlern \u2013 darunter Falco, Mireille Mathieu, Nena, Sally Oldfield, Helen Schneider, Bonnie Bianco und Bobby Kimball (Toto) \u2013 und erzielte weitere internationale Charterfolge.<\/p>\n<p style=\"text-align: justify;\">Mitte der 1990er-Jahre verkauften Gunther Mende und Candy de Rouge das Studio an eine Mediengruppe. Auch unter neuer Leitung blieb das Haus in der Gerauer Stra\u00dfe 58a ein produktiver Ort.<\/p>\n<p style=\"text-align: justify;\">Im Januar 1996, direkt nach meiner Ausbildung zum Audio Engineer, betrat ich die Studios zum ersten Mal \u2013 auf der Suche nach einer Praktikumsstelle. Nie h\u00e4tte ich damals gedacht, dass ich hier dauerhaft bleiben w\u00fcrde. Aber genau so kam es.<\/p>\n<p style=\"text-align: justify;\">Im Jahr 2002 wollte sich der damalige Besitzer vom Studio trennen. Ich habe das gesamte Studio-Equipment \u00fcbernommen und die R\u00e4ume langfristig gemietet. Seit 2002 befindet sich auch mein Untermieter und gesch\u00e4tzter Kollege Hubert Nitsch in der ehemaligen SSL-Regie \u2013 und hat hier unz\u00e4hlige Songs geschrieben und produziert. Die \u00dcbernahme geschah zu einer Zeit, als analoge Tonstudios dieser Gr\u00f6\u00dfenordnung totgesagt wurden. Die ersten Jahre waren nicht leicht, aber sehr lehrreich \u2013 und wir haben viele sch\u00f6ne Produktionen mit wirklich tollen K\u00fcnstlern in dieser Zeit realisiert.<\/p>\n<p style=\"text-align: justify;\">Seit 2007 befindet sich im gleichen Geb\u00e4ude die Firma vintagetools. Dies erkl\u00e4rt unsere Affinit\u00e4t zu analogen Equipment und hybriden Workflows.<\/p>\n<p style=\"text-align: justify;\">Im Jahr 2011 haben wir schlie\u00dflich auch die Immobilie vom Vorbesitzer \u00fcbernommen \u2013 um sicherzustellen, dass wir hier wirklich dauerhaft bleiben k\u00f6nnen. Seitdem wurde viel renoviert, umgebaut, angebaut, ausgebaut \u2013 und seit 2018 steht meine neue Regie mit dem an anderer Stelle beschriebenen Dannerkassetten-Mischpult.<\/p>\n<h2>Goldene Schallplatten<\/h2>\n<p>\t\t\t\t\t\t\t\t\t\t\t\t\t\t\t\t<a href=\"http:\/\/localhost:8888\/a58neu\/wp-content\/uploads\/2025\/09\/Goldrecords2025.jpg\" data-elementor-open-lightbox=\"yes\" data-elementor-lightbox-title=\"Goldene Schallplatten\" data-e-action-hash=\"#elementor-action%3Aaction%3Dlightbox%26settings%3DeyJpZCI6NDY5LCJ1cmwiOiJodHRwczpcL1wvd3d3LmFyZWE1OHN0dWRpb3MuY29tXC93cC1jb250ZW50XC91cGxvYWRzXC8yMDI1XC8wOVwvR29sZHJlY29yZHMyMDI1LmpwZyJ9\"><br \/>\n\t\t\t\t\t\t\t<img fetchpriority=\"high\" decoding=\"async\" width=\"800\" height=\"313\" src=\"https:\/\/www.area58studios.com\/wp-content\/uploads\/2025\/09\/Goldrecords2025-1024x401.jpg\" alt=\"\" srcset=\"https:\/\/www.area58studios.com\/wp-content\/uploads\/2025\/09\/Goldrecords2025-1024x401.jpg 1024w, https:\/\/www.area58studios.com\/wp-content\/uploads\/2025\/09\/Goldrecords2025-300x117.jpg 300w, https:\/\/www.area58studios.com\/wp-content\/uploads\/2025\/09\/Goldrecords2025-768x300.jpg 768w, https:\/\/www.area58studios.com\/wp-content\/uploads\/2025\/09\/Goldrecords2025-1536x601.jpg 1536w, https:\/\/www.area58studios.com\/wp-content\/uploads\/2025\/09\/Goldrecords2025-2048x801.jpg 2048w\" sizes=\"(max-width: 800px) 100vw, 800px\" \/>\t\t\t\t\t\t\t\t<\/a><\/p>\n<p style=\"text-align: center;\">Die W\u00e4nde des Studios schm\u00fccken etliche Goldene Schallplatten und CD\u00b4s \u2013 stille Zeugen einer bewegten Erfolgsgeschichte.<\/p>\n<h2>FALCOs Jeanny<\/h2>\n<p>\t\t\t\t\t\t\t\t\t\t\t\t\t\t\t\t<a href=\"http:\/\/localhost:8888\/a58neu\/wp-content\/uploads\/2025\/09\/Falcobaender-scaled.jpg\" data-elementor-open-lightbox=\"yes\" data-elementor-lightbox-title=\"Falcos Jeanny\" data-e-action-hash=\"#elementor-action%3Aaction%3Dlightbox%26settings%3DeyJpZCI6NDczLCJ1cmwiOiJodHRwczpcL1wvd3d3LmFyZWE1OHN0dWRpb3MuY29tXC93cC1jb250ZW50XC91cGxvYWRzXC8yMDI1XC8wOVwvRmFsY29iYWVuZGVyLXNjYWxlZC5qcGcifQ%3D%3D\"><br \/>\n\t\t\t\t\t\t\t<img decoding=\"async\" width=\"800\" height=\"533\" src=\"https:\/\/www.area58studios.com\/wp-content\/uploads\/2025\/09\/Falcobaender-1024x682.jpg\" alt=\"\" srcset=\"https:\/\/www.area58studios.com\/wp-content\/uploads\/2025\/09\/Falcobaender-1024x682.jpg 1024w, https:\/\/www.area58studios.com\/wp-content\/uploads\/2025\/09\/Falcobaender-300x200.jpg 300w, https:\/\/www.area58studios.com\/wp-content\/uploads\/2025\/09\/Falcobaender-768x511.jpg 768w, https:\/\/www.area58studios.com\/wp-content\/uploads\/2025\/09\/Falcobaender-1536x1022.jpg 1536w, https:\/\/www.area58studios.com\/wp-content\/uploads\/2025\/09\/Falcobaender-2048x1363.jpg 2048w\" sizes=\"(max-width: 800px) 100vw, 800px\" \/>\t\t\t\t\t\t\t\t<\/a><\/p>\n<p style=\"text-align: center;\">Die W\u00e4nde des Studios schm\u00fccken etliche Goldene Schallplatten und CD\u00b4s \u2013 stille Zeugen einer bewegten Erfolgsgeschichte.<\/p>\n<h2>Historisches Archiv<\/h2>\n<p>\t\t\t\t\t\t\t\t\t\t\t\t\t\t\t\t<a href=\"http:\/\/localhost:8888\/a58neu\/wp-content\/uploads\/2025\/09\/Tapes.jpg\" data-elementor-open-lightbox=\"yes\" data-elementor-lightbox-title=\"Tapes\" data-e-action-hash=\"#elementor-action%3Aaction%3Dlightbox%26settings%3DeyJpZCI6NDgxLCJ1cmwiOiJodHRwczpcL1wvd3d3LmFyZWE1OHN0dWRpb3MuY29tXC93cC1jb250ZW50XC91cGxvYWRzXC8yMDI1XC8wOVwvVGFwZXMuanBnIn0%3D\"><br \/>\n\t\t\t\t\t\t\t<img decoding=\"async\" width=\"751\" height=\"1024\" src=\"https:\/\/www.area58studios.com\/wp-content\/uploads\/2025\/09\/Tapes-751x1024.jpg\" alt=\"\" srcset=\"https:\/\/www.area58studios.com\/wp-content\/uploads\/2025\/09\/Tapes-751x1024.jpg 751w, https:\/\/www.area58studios.com\/wp-content\/uploads\/2025\/09\/Tapes-220x300.jpg 220w, https:\/\/www.area58studios.com\/wp-content\/uploads\/2025\/09\/Tapes-768x1048.jpg 768w, https:\/\/www.area58studios.com\/wp-content\/uploads\/2025\/09\/Tapes-1126x1536.jpg 1126w, https:\/\/www.area58studios.com\/wp-content\/uploads\/2025\/09\/Tapes.jpg 1466w\" sizes=\"(max-width: 751px) 100vw, 751px\" \/>\t\t\t\t\t\t\t\t<\/a><\/p>\n<p style=\"text-align: center;\">Die W\u00e4nde des Studios schm\u00fccken etliche Goldene Schallplatten und CD\u00b4s \u2013 stille Zeugen einer bewegten Erfolgsgeschichte.<\/p>\n\n\n<p><\/p>\n","protected":false},"excerpt":{"rendered":"<p>Die Geschichte des Studios Mitte der 1980er-Jahre entstand hier in M\u00f6rfelden-Walldorf ein professionelles Tonstudio, das schnell zu einem Hotspot der deutschen Musikszene werden sollte. Die beiden Produzenten Gunther Mende und Candy de Rouge arbeiteten hier mit internationalen Top-Acts \u2013 allen voran Jennifer Rush, deren Titel \u201eThe Power of Love\u201c von diesem Ort aus die Welt [&hellip;]<\/p>\n","protected":false},"author":1,"featured_media":0,"parent":0,"menu_order":0,"comment_status":"closed","ping_status":"closed","template":"","meta":{"footnotes":""},"class_list":["post-19","page","type-page","status-publish","hentry"],"_links":{"self":[{"href":"https:\/\/www.area58studios.com\/index.php\/wp-json\/wp\/v2\/pages\/19","targetHints":{"allow":["GET"]}}],"collection":[{"href":"https:\/\/www.area58studios.com\/index.php\/wp-json\/wp\/v2\/pages"}],"about":[{"href":"https:\/\/www.area58studios.com\/index.php\/wp-json\/wp\/v2\/types\/page"}],"author":[{"embeddable":true,"href":"https:\/\/www.area58studios.com\/index.php\/wp-json\/wp\/v2\/users\/1"}],"replies":[{"embeddable":true,"href":"https:\/\/www.area58studios.com\/index.php\/wp-json\/wp\/v2\/comments?post=19"}],"version-history":[{"count":85,"href":"https:\/\/www.area58studios.com\/index.php\/wp-json\/wp\/v2\/pages\/19\/revisions"}],"predecessor-version":[{"id":889,"href":"https:\/\/www.area58studios.com\/index.php\/wp-json\/wp\/v2\/pages\/19\/revisions\/889"}],"wp:attachment":[{"href":"https:\/\/www.area58studios.com\/index.php\/wp-json\/wp\/v2\/media?parent=19"}],"curies":[{"name":"wp","href":"https:\/\/api.w.org\/{rel}","templated":true}]}}