{"id":11,"date":"2025-08-06T11:23:48","date_gmt":"2025-08-06T09:23:48","guid":{"rendered":"http:\/\/localhost:8888\/a58neu\/?page_id=11"},"modified":"2025-09-09T13:58:25","modified_gmt":"2025-09-09T11:58:25","slug":"studio","status":"publish","type":"page","link":"https:\/\/www.area58studios.com\/","title":{"rendered":"STUDIO"},"content":{"rendered":"\t\t<div data-elementor-type=\"wp-page\" data-elementor-id=\"11\" class=\"elementor elementor-11\" data-elementor-post-type=\"page\">\n\t\t\t\t<div class=\"elementor-element elementor-element-0731779 e-con-full e-flex e-con e-parent\" data-id=\"0731779\" data-element_type=\"container\" data-settings=\"{&quot;background_background&quot;:&quot;classic&quot;}\">\n\t\t<div class=\"elementor-element elementor-element-bd63945 e-con-full e-flex e-con e-child\" data-id=\"bd63945\" data-element_type=\"container\">\n\t\t\t\t<div class=\"elementor-element elementor-element-d82150c elementor--h-position-center elementor--v-position-middle elementor-arrows-position-inside elementor-pagination-position-inside elementor-widget elementor-widget-slides\" data-id=\"d82150c\" data-element_type=\"widget\" data-settings=\"{&quot;autoplay_speed&quot;:8000,&quot;transition_speed&quot;:1500,&quot;navigation&quot;:&quot;both&quot;,&quot;autoplay&quot;:&quot;yes&quot;,&quot;pause_on_hover&quot;:&quot;yes&quot;,&quot;pause_on_interaction&quot;:&quot;yes&quot;,&quot;infinite&quot;:&quot;yes&quot;,&quot;transition&quot;:&quot;slide&quot;}\" data-widget_type=\"slides.default\">\n\t\t\t\t\t\t\t\t\t\t<div class=\"elementor-slides-wrapper elementor-main-swiper swiper\" role=\"region\" aria-roledescription=\"carousel\" aria-label=\"Slides\" dir=\"ltr\" data-animation=\"\">\n\t\t\t\t<div class=\"swiper-wrapper elementor-slides\">\n\t\t\t\t\t\t\t\t\t\t<div class=\"elementor-repeater-item-c4df1ba swiper-slide\" role=\"group\" aria-roledescription=\"slide\"><div class=\"swiper-slide-bg\" role=\"img\"><\/div><div class=\"swiper-slide-inner\" ><div class=\"swiper-slide-contents\"><\/div><\/div><\/div><div class=\"elementor-repeater-item-d90c1c2 swiper-slide\" role=\"group\" aria-roledescription=\"slide\"><div class=\"swiper-slide-bg\" role=\"img\"><\/div><div class=\"swiper-slide-inner\" ><div class=\"swiper-slide-contents\"><\/div><\/div><\/div>\t\t\t\t<\/div>\n\t\t\t\t\t\t\t\t\t\t\t\t\t\t\t<div class=\"elementor-swiper-button elementor-swiper-button-prev\" role=\"button\" tabindex=\"0\" aria-label=\"Previous slide\">\n\t\t\t\t\t\t\t<svg aria-hidden=\"true\" class=\"e-font-icon-svg e-eicon-chevron-left\" viewBox=\"0 0 1000 1000\" xmlns=\"http:\/\/www.w3.org\/2000\/svg\"><path d=\"M646 125C629 125 613 133 604 142L308 442C296 454 292 471 292 487 292 504 296 521 308 533L604 854C617 867 629 875 646 875 663 875 679 871 692 858 704 846 713 829 713 812 713 796 708 779 692 767L438 487 692 225C700 217 708 204 708 187 708 171 704 154 692 142 675 129 663 125 646 125Z\"><\/path><\/svg>\t\t\t\t\t\t<\/div>\n\t\t\t\t\t\t<div class=\"elementor-swiper-button elementor-swiper-button-next\" role=\"button\" tabindex=\"0\" aria-label=\"Next slide\">\n\t\t\t\t\t\t\t<svg aria-hidden=\"true\" class=\"e-font-icon-svg e-eicon-chevron-right\" viewBox=\"0 0 1000 1000\" xmlns=\"http:\/\/www.w3.org\/2000\/svg\"><path d=\"M696 533C708 521 713 504 713 487 713 471 708 454 696 446L400 146C388 133 375 125 354 125 338 125 325 129 313 142 300 154 292 171 292 187 292 204 296 221 308 233L563 492 304 771C292 783 288 800 288 817 288 833 296 850 308 863 321 871 338 875 354 875 371 875 388 867 400 854L696 533Z\"><\/path><\/svg>\t\t\t\t\t\t<\/div>\n\t\t\t\t\t\t\t\t\t\t\t\t\t\t\t\t<div class=\"swiper-pagination\"><\/div>\n\t\t\t\t\t\t\t\t\t\t\t\t<\/div>\n\t\t\t\t\t\t\t\t<\/div>\n\t\t\t\t<\/div>\n\t\t\t\t<\/div>\n\t\t<div class=\"elementor-element elementor-element-68901e8f e-flex e-con-boxed e-con e-parent\" data-id=\"68901e8f\" data-element_type=\"container\">\n\t\t\t\t\t<div class=\"e-con-inner\">\n\t\t\t\t<div class=\"elementor-element elementor-element-3065e6c3 elementor-widget elementor-widget-heading\" data-id=\"3065e6c3\" data-element_type=\"widget\" data-widget_type=\"heading.default\">\n\t\t\t\t\t<h2 class=\"elementor-heading-title elementor-size-default\">Come as you are...<\/h2>\t\t\t\t<\/div>\n\t\t\t\t\t<\/div>\n\t\t\t\t<\/div>\n\t\t<div class=\"elementor-element elementor-element-0c357ba e-flex e-con-boxed e-con e-parent\" data-id=\"0c357ba\" data-element_type=\"container\">\n\t\t\t\t\t<div class=\"e-con-inner\">\n\t\t\t\t<div class=\"elementor-element elementor-element-c4c8e01 elementor-widget elementor-widget-text-editor\" data-id=\"c4c8e01\" data-element_type=\"widget\" data-widget_type=\"text-editor.default\">\n\t\t\t\t\t\t\t\t\t<p>&#8230;<b>Leave as a vibe!<\/b><\/p><p>Wer lange genug Musik produziert, kennt den Moment: Man will mehr. Mehr Tiefe, mehr Charakter, mehr Sound.<\/p><p>Und dann beginnt die Suche nach dem fehlenden St\u00fcck, das aus einer guten Aufnahme einen gro\u00dfartigen Track macht. Genau hier beginnt die Faszination f\u00fcr analoge Technik.<\/p><p>Mit\u00a0<a href=\"https:\/\/www.vintagetools.de\/\" target=\"_blank\" rel=\"noopener\">vintagetools<\/a>\u00a0liefere ich seit Jahren hochwertige Analogtechnik \u2013 an Studios jeder Gr\u00f6\u00dfenordnung, vom ambitionierten Projektstudio bis hin zu Weltklasse-Produktionen mit internationalen Auszeichnungen. Denn wer einmal geh\u00f6rt hat, was analoge Technik aus einem Mix machen kann, will nie wieder darauf verzichten.<\/p><p>Unser Studio bietet dir Zugang zu exzellenter Vintage-Technik, kombiniert mit gro\u00dfz\u00fcgigen, akustisch optimierten und schalldichten R\u00e4umen \u2013 und damit verbunden der Freiheit, auch mal richtig laut sein zu d\u00fcrfen: Drums aufnehmen, den Marshall-Amp auf \u201edr\u00f6lf\u201c drehen, eine 808 bei Club-Lautst\u00e4rke abh\u00f6ren? Kein Problem.<\/p><p>Unser Angebot richtet sich an Musiker, Bands, Rapper, S\u00e4nger und Content Creator. Willkommen ist jeder Mensch, der mit Herzblut an seinen Projekten arbeitet \u2013 ganz gleich in welchem Genre. Aus Faulheit und im Sinne der Lesbarkeit verzichten wir bewusst auf Genderzeichen, schlie\u00dfen aber selbstverst\u00e4ndlich alle Menschen ein.\u00a0<\/p><p>Wir glauben: Wer m\u00f6chte, dass andere seine Kunst ernst nehmen, sollte selbst keine Kompromisse machen. Deine Musik verdient Respekt \u2013 auch im Entstehungsprozess. Darum haben wir einen Ort geschaffen, der dich nicht limitiert, sondern inspiriert.<\/p><p><span style=\"font-family: -apple-system, BlinkMacSystemFont, 'Segoe UI', Roboto, 'Helvetica Neue', Arial, 'Noto Sans', sans-serif, 'Apple Color Emoji', 'Segoe UI Emoji', 'Segoe UI Symbol', 'Noto Color Emoji'; font-size: 1rem;\">Ob allein oder mit dem eigenen Team aus Produzenten und Tonmeistern, ob im klassischen Band-Setup oder mit dem Laptop unterm Arm: Alles ist so aufgebaut, dass du dich sofort zurechtfindest und loslegen kannst.\u00a0<\/span>Du bekommst dabei nicht nur perfekte Bedingungen f\u00fcr den kreativen Prozess, sondern einen Sound,\u00a0der deutlich \u00fcber dem Niveau vieler auf Style und Social Media optimierter Mietstudios liegt.<\/p><p><span style=\"font-family: -apple-system, BlinkMacSystemFont, 'Segoe UI', Roboto, 'Helvetica Neue', Arial, 'Noto Sans', sans-serif, 'Apple Color Emoji', 'Segoe UI Emoji', 'Segoe UI Symbol', 'Noto Color Emoji'; font-size: 1rem;\">Gerne unterst\u00fctzen wir dich bereits bei der Produktionsplanung und vor Ort mit einer technischen Einf\u00fchrung. Optional begleiten wir bei Bedarf auch den kompletten Aufbau und die Mikrofonierung \u2013 damit sich auch Nicht-Techniker ganz auf den kreativen Prozess konzentrieren k\u00f6nnen. Und falls du f\u00fcr die Durchf\u00fchrung deiner Produktion einen erfahrenen Techniker oder Produzenten ben\u00f6tigst, helfen wir dir gerne bei der Vermittlung.<\/span><\/p><p>Du bist willkommen.\u00a0<span style=\"font-family: -apple-system, BlinkMacSystemFont, 'Segoe UI', Roboto, 'Helvetica Neue', Arial, 'Noto Sans', sans-serif, 'Apple Color Emoji', 'Segoe UI Emoji', 'Segoe UI Symbol', 'Noto Color Emoji'; font-size: 1rem;\">Ganz gleich, ob erfahren oder am Anfang, ob laut oder leise, ob mit klarer Vision oder noch auf der Suche.<\/span><\/p><p><b>Wenn du etwas Gro\u00dfartiges erreichen willst, dann mach keine Kompromisse.<\/b><\/p><p>F\u00fcr Informationen zu Konditionen, Langzeitmiete, Ausstattung oder <a href=\"https:\/\/www.airbnb.de\/rooms\/820238931573901844?search_mode=regular_search&amp;adults=1&amp;check_in=2025-09-04&amp;check_out=2025-09-09&amp;children=0&amp;infants=0&amp;pets=0&amp;source_impression_id=p3_1756910670_P3GRwuKJ-PSgdu2G&amp;previous_page_section_name=1000&amp;federated_search_id=96c05efd-d96f-4f3a-8d0f-7252c7b4ce29\">Unterbringung in der Loft<\/a> wendet euch bitte an:<\/p><p>Studiomanager: Oliver Nauck<\/p><p>E-Mail: <a href=\"mailto:nauck@area58studios.com\">nauck@area58studios.com<\/a><\/p><p>Tel.: +49 (0)6105 2713915<\/p>\t\t\t\t\t\t\t\t<\/div>\n\t\t\t\t\t<\/div>\n\t\t\t\t<\/div>\n\t\t\t\t<\/div>\n\t\t","protected":false},"excerpt":{"rendered":"<p>Come as you are&#8230; &#8230;Leave as a vibe! Wer lange genug Musik produziert, kennt den Moment: Man will mehr. Mehr Tiefe, mehr Charakter, mehr Sound. Und dann beginnt die Suche nach dem fehlenden St\u00fcck, das aus einer guten Aufnahme einen gro\u00dfartigen Track macht. Genau hier beginnt die Faszination f\u00fcr analoge Technik. Mit\u00a0vintagetools\u00a0liefere ich seit Jahren [&hellip;]<\/p>\n","protected":false},"author":1,"featured_media":0,"parent":0,"menu_order":0,"comment_status":"closed","ping_status":"closed","template":"","meta":{"footnotes":""},"class_list":["post-11","page","type-page","status-publish","hentry"],"_links":{"self":[{"href":"https:\/\/www.area58studios.com\/index.php\/wp-json\/wp\/v2\/pages\/11","targetHints":{"allow":["GET"]}}],"collection":[{"href":"https:\/\/www.area58studios.com\/index.php\/wp-json\/wp\/v2\/pages"}],"about":[{"href":"https:\/\/www.area58studios.com\/index.php\/wp-json\/wp\/v2\/types\/page"}],"author":[{"embeddable":true,"href":"https:\/\/www.area58studios.com\/index.php\/wp-json\/wp\/v2\/users\/1"}],"replies":[{"embeddable":true,"href":"https:\/\/www.area58studios.com\/index.php\/wp-json\/wp\/v2\/comments?post=11"}],"version-history":[{"count":166,"href":"https:\/\/www.area58studios.com\/index.php\/wp-json\/wp\/v2\/pages\/11\/revisions"}],"predecessor-version":[{"id":806,"href":"https:\/\/www.area58studios.com\/index.php\/wp-json\/wp\/v2\/pages\/11\/revisions\/806"}],"wp:attachment":[{"href":"https:\/\/www.area58studios.com\/index.php\/wp-json\/wp\/v2\/media?parent=11"}],"curies":[{"name":"wp","href":"https:\/\/api.w.org\/{rel}","templated":true}]}}